{"id":982,"date":"2020-07-13T10:57:22","date_gmt":"2020-07-13T09:57:22","guid":{"rendered":"http:\/\/proservices53.fr\/?page_id=982"},"modified":"2020-07-13T10:57:22","modified_gmt":"2020-07-13T09:57:22","slug":"salle-de-bain","status":"publish","type":"page","link":"https:\/\/proservices53.fr\/?page_id=982","title":{"rendered":"Salle de bain"},"content":{"rendered":"<p><span style=\"color: #710e65;\">La salle de bain \u00ab\u00a0cl\u00e9 en main\u00a0\u00bb est l&rsquo;une de nos sp\u00e9cialit\u00e9s. Nous r\u00e9alisons votre projet de A \u00e0 Z. Nous \u00e9tablissons les plans de votre salle de bain et vous pr\u00e9sentons un rendu en 3D. Nous \u00e9tablissons un devis d\u00e9taill\u00e9 pour chaque corps de m\u00e9tier: d\u00e9molition-pl\u00e2trerie, plomberie, sanitaire, \u00e9lectricit\u00e9, carrelage-fa\u00efence, agencement. Une fois que nous sommes en accord avec votre demande, nous pouvons vous accompagner dans les salles d&rsquo;exposition de sanitaire et carrelage pour vous aider et vous conseiller dans vos choix. Notre partie menuiserie vous permettra d&rsquo;agencer un meuble de rangement sur mesure, agenc\u00e9 en fonction de vos besoins et coordonn\u00e9 avec le reste de votre salle de bain.<\/span><\/p>\n<div class=\"n2_ss_slider_publish__option_code\" dir=\"ltr\" data-mode=\"id\"><\/div>\n","protected":false},"excerpt":{"rendered":"<p>La salle de bain \u00ab\u00a0cl\u00e9 en main\u00a0\u00bb est l&rsquo;une de nos sp\u00e9cialit\u00e9s. Nous r\u00e9alisons votre projet de A \u00e0 Z. Nous \u00e9tablissons les plans de votre salle de bain et vous pr\u00e9sentons un rendu en 3D. Nous \u00e9tablissons un devis d\u00e9taill\u00e9 pour chaque corps de m\u00e9tier: d\u00e9molition-pl\u00e2trerie, plomberie, sanitaire, \u00e9lectricit\u00e9, carrelage-fa\u00efence, agencement. Une fois que &hellip; <\/p>\n<p><a class=\"more-link btn\" href=\"https:\/\/proservices53.fr\/?page_id=982\">Lire la suite<\/a><\/p>\n","protected":false},"author":1,"featured_media":0,"parent":0,"menu_order":0,"comment_status":"closed","ping_status":"closed","template":"","meta":{"footnotes":""},"_links":{"self":[{"href":"https:\/\/proservices53.fr\/index.php?rest_route=\/wp\/v2\/pages\/982"}],"collection":[{"href":"https:\/\/proservices53.fr\/index.php?rest_route=\/wp\/v2\/pages"}],"about":[{"href":"https:\/\/proservices53.fr\/index.php?rest_route=\/wp\/v2\/types\/page"}],"author":[{"embeddable":true,"href":"https:\/\/proservices53.fr\/index.php?rest_route=\/wp\/v2\/users\/1"}],"replies":[{"embeddable":true,"href":"https:\/\/proservices53.fr\/index.php?rest_route=%2Fwp%2Fv2%2Fcomments&post=982"}],"version-history":[{"count":1,"href":"https:\/\/proservices53.fr\/index.php?rest_route=\/wp\/v2\/pages\/982\/revisions"}],"predecessor-version":[{"id":984,"href":"https:\/\/proservices53.fr\/index.php?rest_route=\/wp\/v2\/pages\/982\/revisions\/984"}],"wp:attachment":[{"href":"https:\/\/proservices53.fr\/index.php?rest_route=%2Fwp%2Fv2%2Fmedia&parent=982"}],"curies":[{"name":"wp","href":"https:\/\/api.w.org\/{rel}","templated":true}]}}