{"id":77,"date":"2014-10-29T16:50:47","date_gmt":"2014-10-29T15:50:47","guid":{"rendered":"http:\/\/proservices53.fr\/?page_id=77"},"modified":"2020-07-15T14:06:03","modified_gmt":"2020-07-15T13:06:03","slug":"domaines-dinterventions","status":"publish","type":"page","link":"https:\/\/proservices53.fr\/?page_id=77","title":{"rendered":"Nos domaines d&rsquo;interventions"},"content":{"rendered":"<ol>\n<li class=\"entry-title\" style=\"text-align: left;\"><span style=\"color: #710e65;\"><a style=\"color: #710e65;\" href=\"https:\/\/proservices53.fr\/?page_id=982(ouvre un nouvel onglet)\" data-wplink-url-error=\"true\">Salle de bain<\/a><\/span><\/li>\n<li><span style=\"color: #710e65;\"><a style=\"color: #710e65;\" href=\"https:\/\/proservices53.fr\/?page_id=971(ouvre un nouvel onglet)\" data-wplink-url-error=\"true\">WC <\/a><\/span><\/li>\n<li class=\"entry-title\" style=\"text-align: left;\"><span style=\"color: #710e65;\"><a style=\"color: #710e65;\" href=\"https:\/\/proservices53.fr\/?page_id=52\">Menuiserie &#8211; agencement<\/a><\/span><\/li>\n<li><span style=\"color: #710e65;\"><a style=\"color: #710e65;\" href=\"https:\/\/proservices53.fr\/?page_id=989(ouvre un nouvel onglet)\" data-wplink-url-error=\"true\">Cuisine<\/a><\/span><\/li>\n<li class=\"entry-title\" style=\"text-align: left;\"><span style=\"color: #710e65;\"><a style=\"color: #710e65;\" href=\"https:\/\/proservices53.fr\/?page_id=42\">P<\/a><a style=\"color: #710e65;\" href=\"https:\/\/proservices53.fr\/?page_id=42\">lomberie &#8211; sanitaire &#8211;\u00a0 chauffage<\/a><\/span><\/li>\n<li class=\"entry-title\" style=\"text-align: left;\"><span style=\"color: #710e65;\"><a style=\"color: #710e65;\" href=\"https:\/\/proservices53.fr\/?page_id=50\">\u00c9lectricit\u00e9 &#8211; domotique<\/a><\/span><\/li>\n<li class=\"entry-title\" style=\"text-align: left;\"><span style=\"color: #710e65;\"><a style=\"color: #710e65;\" href=\"https:\/\/proservices53.fr\/?page_id=54\">Carrelage &#8211; fa\u00efence<\/a><\/span><\/li>\n<li><span style=\"color: #710e65;\"><a style=\"color: #710e65;\" href=\"https:\/\/proservices53.fr\/?page_id=1287(ouvre un nouvel onglet)\" data-wplink-url-error=\"true\">Pl\u00e2trerie<\/a><\/span><\/li>\n<li><span style=\"color: #710e65;\"><a style=\"color: #710e65;\" href=\"https:\/\/proservices53.fr\/?page_id=992\">Collectivit\u00e9s<\/a><\/span><\/li>\n<li class=\"entry-title\" style=\"text-align: left;\"><span style=\"color: #710e65;\"><a style=\"color: #710e65;\" href=\"https:\/\/proservices53.fr\/?page_id=543(ouvre un nouvel onglet)\" data-wplink-url-error=\"true\">\u00c9tude &#8211; Plan<\/a><\/span><\/li>\n<\/ol>\n","protected":false},"excerpt":{"rendered":"<p>Salle de bain WC Menuiserie &#8211; agencement Cuisine Plomberie &#8211; sanitaire &#8211;\u00a0 chauffage \u00c9lectricit\u00e9 &#8211; domotique Carrelage &#8211; fa\u00efence Pl\u00e2trerie Collectivit\u00e9s \u00c9tude &#8211; Plan<\/p>\n","protected":false},"author":1,"featured_media":0,"parent":0,"menu_order":0,"comment_status":"closed","ping_status":"closed","template":"","meta":{"footnotes":""},"_links":{"self":[{"href":"https:\/\/proservices53.fr\/index.php?rest_route=\/wp\/v2\/pages\/77"}],"collection":[{"href":"https:\/\/proservices53.fr\/index.php?rest_route=\/wp\/v2\/pages"}],"about":[{"href":"https:\/\/proservices53.fr\/index.php?rest_route=\/wp\/v2\/types\/page"}],"author":[{"embeddable":true,"href":"https:\/\/proservices53.fr\/index.php?rest_route=\/wp\/v2\/users\/1"}],"replies":[{"embeddable":true,"href":"https:\/\/proservices53.fr\/index.php?rest_route=%2Fwp%2Fv2%2Fcomments&post=77"}],"version-history":[{"count":21,"href":"https:\/\/proservices53.fr\/index.php?rest_route=\/wp\/v2\/pages\/77\/revisions"}],"predecessor-version":[{"id":1291,"href":"https:\/\/proservices53.fr\/index.php?rest_route=\/wp\/v2\/pages\/77\/revisions\/1291"}],"wp:attachment":[{"href":"https:\/\/proservices53.fr\/index.php?rest_route=%2Fwp%2Fv2%2Fmedia&parent=77"}],"curies":[{"name":"wp","href":"https:\/\/api.w.org\/{rel}","templated":true}]}}