{"id":54,"date":"2014-10-29T16:28:25","date_gmt":"2014-10-29T15:28:25","guid":{"rendered":"http:\/\/proservices53.fr\/?page_id=54"},"modified":"2020-07-15T13:51:38","modified_gmt":"2020-07-15T12:51:38","slug":"partie-carrelage-dallage","status":"publish","type":"page","link":"https:\/\/proservices53.fr\/?page_id=54","title":{"rendered":"Carrelage &#8211; fa\u00efence"},"content":{"rendered":"<p>Nous sommes \u00e0 votre disposition pour la pose de carrelage ou fa\u00efence, que ce soit pour un projet dans du neuf ou un projet de r\u00e9novation.<br \/>\nPose droite, pose d\u00e9cal\u00e9e, pose en diagonale ou douche \u00e0 l\u2019italienne font partie de notre savoir-faire.<br \/>\nNous pouvons donc r\u00e9pondre \u00e0 votre demande pour :<br \/>\n&#8211; Poser tous types de carrelage (int\u00e9rieur et ext\u00e9rieur).<br \/>\n&#8211; R\u00e9aliser vos chapes ou r\u00e9-agr\u00e9age.<br \/>\n&#8211; Poser vos fa\u00efences ou mosa\u00efques.<br \/>\n&#8211; R\u00e9aliser votre douche \u00e0 l\u2019italienne.<\/p>\n<div class=\"n2_ss_slider_publish__option_code\" dir=\"ltr\" data-mode=\"id\"><\/div>\n","protected":false},"excerpt":{"rendered":"<p>Nous sommes \u00e0 votre disposition pour la pose de carrelage ou fa\u00efence, que ce soit pour un projet dans du neuf ou un projet de r\u00e9novation. Pose droite, pose d\u00e9cal\u00e9e, pose en diagonale ou douche \u00e0 l\u2019italienne font partie de notre savoir-faire. Nous pouvons donc r\u00e9pondre \u00e0 votre demande pour : &#8211; Poser tous types &hellip; <\/p>\n<p><a class=\"more-link btn\" href=\"https:\/\/proservices53.fr\/?page_id=54\">Lire la suite<\/a><\/p>\n","protected":false},"author":1,"featured_media":0,"parent":0,"menu_order":0,"comment_status":"closed","ping_status":"open","template":"","meta":{"footnotes":""},"_links":{"self":[{"href":"https:\/\/proservices53.fr\/index.php?rest_route=\/wp\/v2\/pages\/54"}],"collection":[{"href":"https:\/\/proservices53.fr\/index.php?rest_route=\/wp\/v2\/pages"}],"about":[{"href":"https:\/\/proservices53.fr\/index.php?rest_route=\/wp\/v2\/types\/page"}],"author":[{"embeddable":true,"href":"https:\/\/proservices53.fr\/index.php?rest_route=\/wp\/v2\/users\/1"}],"replies":[{"embeddable":true,"href":"https:\/\/proservices53.fr\/index.php?rest_route=%2Fwp%2Fv2%2Fcomments&post=54"}],"version-history":[{"count":10,"href":"https:\/\/proservices53.fr\/index.php?rest_route=\/wp\/v2\/pages\/54\/revisions"}],"predecessor-version":[{"id":1227,"href":"https:\/\/proservices53.fr\/index.php?rest_route=\/wp\/v2\/pages\/54\/revisions\/1227"}],"wp:attachment":[{"href":"https:\/\/proservices53.fr\/index.php?rest_route=%2Fwp%2Fv2%2Fmedia&parent=54"}],"curies":[{"name":"wp","href":"https:\/\/api.w.org\/{rel}","templated":true}]}}