{"id":52,"date":"2014-10-29T16:27:44","date_gmt":"2014-10-29T15:27:44","guid":{"rendered":"http:\/\/proservices53.fr\/?page_id=52"},"modified":"2020-07-15T08:46:40","modified_gmt":"2020-07-15T07:46:40","slug":"partie-menuiserie-agencement","status":"publish","type":"page","link":"https:\/\/proservices53.fr\/?page_id=52","title":{"rendered":"Menuiserie &#8211; agencement"},"content":{"rendered":"<p>Nos menuisiers travaillent dans un atelier de 350 m\u00b2, \u00e9quip\u00e9 de nombreuses machines performantes, pour r\u00e9pondre avec pr\u00e9cision aux souhaits et exigences de notre client\u00e8le. Nous concevons et fabriquons vos meubles sur mesure\u00a0: meuble de salle de bain, meuble de WC, cuisine, dressing, placard de rangement. Nous r\u00e9pondons \u00e9galement \u00e0 votre demande pour\u00a0:<\/p>\n<ul>\n<li>D\u00e9poser et poser vos menuiseries ext\u00e9rieures (PVC, aluminium ou bois), porte de garage (motoris\u00e9e ou manuelle)<\/li>\n<li>Poser votre portail ext\u00e9rieur (motoris\u00e9e ou manuel)<\/li>\n<li>Agencer des meubles sur mesure, notamment dans la salle de bain<\/li>\n<li>Concevoir et agencer votre dressing<\/li>\n<li>Concevoir et agencer votre cuisine<\/li>\n<li>Poser vos parquets stratifi\u00e9s, coll\u00e9s, \u00e0 clipser, massifs<\/li>\n<li>Poser des cabines int\u00e9grales pour les sanitaires en collectivit\u00e9, type \u00e9cole, coll\u00e8ge.<\/li>\n<li>Poser des plafonds dalles suspendus sur ossature m\u00e9tallique.<\/li>\n<li>D\u00e9pannage sur volet roulant<\/li>\n<\/ul>\n<p><span style=\"color: #710e65;\">1. <a style=\"color: #710e65;\" href=\"https:\/\/proservices53.fr\/?page_id=1084\">agencement de bureau <\/a><\/span><\/p>\n<p><span style=\"color: #710e65;\">2. <a style=\"color: #710e65;\" href=\"https:\/\/proservices53.fr\/?page_id=1087(ouvre un nouvel onglet)\" data-wplink-url-error=\"true\">meubles de salle de bain<\/a> <\/span><\/p>\n<p><span style=\"color: #710e65;\">3. <a style=\"color: #710e65;\" href=\"https:\/\/proservices53.fr\/?page_id=1090(ouvre un nouvel onglet)\" data-wplink-url-error=\"true\">meuble TV<\/a><\/span><\/p>\n<p><span style=\"color: #710e65;\">4. <a style=\"color: #710e65;\" href=\"https:\/\/proservices53.fr\/?page_id=1093(ouvre un nouvel onglet)\" data-wplink-url-error=\"true\">placards et dressing<\/a> <\/span><\/p>\n<p><span style=\"color: #710e65;\">5. <a style=\"color: #710e65;\" href=\"https:\/\/proservices53.fr\/?page_id=1096(ouvre un nouvel onglet)\" data-wplink-url-error=\"true\">pl\u00e9num<\/a> <\/span><\/p>\n<p><span style=\"color: #710e65;\">6. <a style=\"color: #710e65;\" href=\"https:\/\/proservices53.fr\/?page_id=1099(ouvre un nouvel onglet)\" data-wplink-url-error=\"true\">portes int\u00e9rieurs<\/a> <\/span><\/p>\n<p><span style=\"color: #710e65;\">7. <a style=\"color: #710e65;\" href=\"https:\/\/proservices53.fr\/?page_id=1102(ouvre un nouvel onglet)\" data-wplink-url-error=\"true\">t\u00eate de lit<\/a> <\/span><\/p>\n<p><span style=\"color: #710e65;\">8. <\/span><a href=\"https:\/\/proservices53.fr\/?page_id=1105(ouvre un nouvel onglet)\" data-wplink-url-error=\"true\"><span style=\"color: #710e65;\">verri\u00e8res<\/span><\/a><\/p>\n","protected":false},"excerpt":{"rendered":"<p>Nos menuisiers travaillent dans un atelier de 350 m\u00b2, \u00e9quip\u00e9 de nombreuses machines performantes, pour r\u00e9pondre avec pr\u00e9cision aux souhaits et exigences de notre client\u00e8le. Nous concevons et fabriquons vos meubles sur mesure\u00a0: meuble de salle de bain, meuble de WC, cuisine, dressing, placard de rangement. Nous r\u00e9pondons \u00e9galement \u00e0 votre demande pour\u00a0: D\u00e9poser et &hellip; <\/p>\n<p><a class=\"more-link btn\" href=\"https:\/\/proservices53.fr\/?page_id=52\">Lire la suite<\/a><\/p>\n","protected":false},"author":1,"featured_media":0,"parent":0,"menu_order":0,"comment_status":"closed","ping_status":"open","template":"","meta":{"footnotes":""},"_links":{"self":[{"href":"https:\/\/proservices53.fr\/index.php?rest_route=\/wp\/v2\/pages\/52"}],"collection":[{"href":"https:\/\/proservices53.fr\/index.php?rest_route=\/wp\/v2\/pages"}],"about":[{"href":"https:\/\/proservices53.fr\/index.php?rest_route=\/wp\/v2\/types\/page"}],"author":[{"embeddable":true,"href":"https:\/\/proservices53.fr\/index.php?rest_route=\/wp\/v2\/users\/1"}],"replies":[{"embeddable":true,"href":"https:\/\/proservices53.fr\/index.php?rest_route=%2Fwp%2Fv2%2Fcomments&post=52"}],"version-history":[{"count":17,"href":"https:\/\/proservices53.fr\/index.php?rest_route=\/wp\/v2\/pages\/52\/revisions"}],"predecessor-version":[{"id":1123,"href":"https:\/\/proservices53.fr\/index.php?rest_route=\/wp\/v2\/pages\/52\/revisions\/1123"}],"wp:attachment":[{"href":"https:\/\/proservices53.fr\/index.php?rest_route=%2Fwp%2Fv2%2Fmedia&parent=52"}],"curies":[{"name":"wp","href":"https:\/\/api.w.org\/{rel}","templated":true}]}}