{"id":50,"date":"2014-10-29T16:27:01","date_gmt":"2014-10-29T15:27:01","guid":{"rendered":"http:\/\/proservices53.fr\/?page_id=50"},"modified":"2020-07-15T14:00:52","modified_gmt":"2020-07-15T13:00:52","slug":"partie-electricite-domotique","status":"publish","type":"page","link":"https:\/\/proservices53.fr\/?page_id=50","title":{"rendered":"Electricit\u00e9 &#8211; domotique"},"content":{"rendered":"<p>Notre entreprise r\u00e9alise tous vos travaux d\u2019\u00e9lectricit\u00e9, de chauffage \u00e9lectrique, de courant fort et faible, ainsi que de la domotique. Installation neuve avec demande de consuel, ou r\u00e9novation pour les particuliers et les professionnels.<\/p>\n<p><span style=\"color: #cc99ff;\">INSTALLATION<\/span><\/p>\n<ul>\n<li>Mise aux normes<\/li>\n<li>Tableaux \u00e9lectriques monophas\u00e9 ou triphas\u00e9<\/li>\n<li>Appareillage \u00e9lectrique (prise, interrupteur, \u00e9clairage\u2026)<\/li>\n<li>VMC simple flux ou double flux<\/li>\n<li>Climatisation<\/li>\n<li>Aspiration centralis\u00e9e<\/li>\n<li>Domotique<\/li>\n<li>Plancher chauffant<\/li>\n<li>Chauffage \u00e9lectrique<\/li>\n<li>R\u00e9gulation de chauffage.<\/li>\n<\/ul>\n<p><span style=\"color: #cc99ff;\">DEPANNAGE<\/span><\/p>\n<ul>\n<li>Remplacement d\u2019installation \u00e9lectrique<\/li>\n<li>Changement gamme appareillage \u00e9lectrique<\/li>\n<li>Intervention dans tableau \u00e9lectrique<\/li>\n<\/ul>\n<div class=\"n2_ss_slider_publish__option_code\" dir=\"ltr\" data-mode=\"id\"><\/div>\n","protected":false},"excerpt":{"rendered":"<p>Notre entreprise r\u00e9alise tous vos travaux d\u2019\u00e9lectricit\u00e9, de chauffage \u00e9lectrique, de courant fort et faible, ainsi que de la domotique. Installation neuve avec demande de consuel, ou r\u00e9novation pour les particuliers et les professionnels. INSTALLATION Mise aux normes Tableaux \u00e9lectriques monophas\u00e9 ou triphas\u00e9 Appareillage \u00e9lectrique (prise, interrupteur, \u00e9clairage\u2026) VMC simple flux ou double flux Climatisation &hellip; <\/p>\n<p><a class=\"more-link btn\" href=\"https:\/\/proservices53.fr\/?page_id=50\">Lire la suite<\/a><\/p>\n","protected":false},"author":1,"featured_media":0,"parent":0,"menu_order":0,"comment_status":"closed","ping_status":"open","template":"","meta":{"footnotes":""},"_links":{"self":[{"href":"https:\/\/proservices53.fr\/index.php?rest_route=\/wp\/v2\/pages\/50"}],"collection":[{"href":"https:\/\/proservices53.fr\/index.php?rest_route=\/wp\/v2\/pages"}],"about":[{"href":"https:\/\/proservices53.fr\/index.php?rest_route=\/wp\/v2\/types\/page"}],"author":[{"embeddable":true,"href":"https:\/\/proservices53.fr\/index.php?rest_route=\/wp\/v2\/users\/1"}],"replies":[{"embeddable":true,"href":"https:\/\/proservices53.fr\/index.php?rest_route=%2Fwp%2Fv2%2Fcomments&post=50"}],"version-history":[{"count":9,"href":"https:\/\/proservices53.fr\/index.php?rest_route=\/wp\/v2\/pages\/50\/revisions"}],"predecessor-version":[{"id":1255,"href":"https:\/\/proservices53.fr\/index.php?rest_route=\/wp\/v2\/pages\/50\/revisions\/1255"}],"wp:attachment":[{"href":"https:\/\/proservices53.fr\/index.php?rest_route=%2Fwp%2Fv2%2Fmedia&parent=50"}],"curies":[{"name":"wp","href":"https:\/\/api.w.org\/{rel}","templated":true}]}}