{"id":42,"date":"2014-10-29T16:14:25","date_gmt":"2014-10-29T15:14:25","guid":{"rendered":"http:\/\/proservices53.fr\/?page_id=42"},"modified":"2020-07-17T10:55:49","modified_gmt":"2020-07-17T09:55:49","slug":"partie-plomberie-chauffage","status":"publish","type":"page","link":"https:\/\/proservices53.fr\/?page_id=42","title":{"rendered":"Plomberie &#8211; sanitaire &#8211; chauffage"},"content":{"rendered":"<p>Notre entreprise est sp\u00e9cialis\u00e9e dans la salle de bain \u00ab\u00a0cl\u00e9 en main\u00a0\u00bb. Cependant, nous sommes \u00e0 votre disposition pour l\u2019ensemble de vos travaux de plomberie-sanitaire ou chauffage.<\/p>\n<p><span style=\"color: #cc99ff;\">INSTALLATION<\/span><\/p>\n<ul>\n<li>Sanitaires\u00a0: WC (cuvette pos\u00e9e ou suspendue), lave-mains<\/li>\n<li>Salle de bain\u00a0: meuble vasque, baignoire, douche, robinetterie, baln\u00e9oth\u00e9rapie<\/li>\n<li>Branchement et raccordement d\u2019\u00e9lectrom\u00e9nager (\u00e9vier, lave-linge, lave-vaisselle)<\/li>\n<li>Eaux pluviales et eaux us\u00e9es<\/li>\n<li>R\u00e9ducteur de pression<\/li>\n<li>Chauffage\u00a0: chaudi\u00e8re fioul \u2013 pompe \u00e0 chaleur \u2013 plancher chauffant<\/li>\n<\/ul>\n<p><span style=\"color: #cc99ff;\">DEPANNAGE<\/span><\/p>\n<ul>\n<li>Mise aux normes<\/li>\n<li>Recherche et r\u00e9paration de fuite<\/li>\n<li>Remplacement de robinet, chasse d\u2019eau, chauffe-eau<\/li>\n<li>D\u00e9bouchage de toilettes, de canalisations<\/li>\n<li>Purge de radiateur<\/li>\n<li>Entretien chaudi\u00e8re.<\/li>\n<\/ul>\n","protected":false},"excerpt":{"rendered":"<p>Notre entreprise est sp\u00e9cialis\u00e9e dans la salle de bain \u00ab\u00a0cl\u00e9 en main\u00a0\u00bb. Cependant, nous sommes \u00e0 votre disposition pour l\u2019ensemble de vos travaux de plomberie-sanitaire ou chauffage. INSTALLATION Sanitaires\u00a0: WC (cuvette pos\u00e9e ou suspendue), lave-mains Salle de bain\u00a0: meuble vasque, baignoire, douche, robinetterie, baln\u00e9oth\u00e9rapie Branchement et raccordement d\u2019\u00e9lectrom\u00e9nager (\u00e9vier, lave-linge, lave-vaisselle) Eaux pluviales et eaux &hellip; <\/p>\n<p><a class=\"more-link btn\" href=\"https:\/\/proservices53.fr\/?page_id=42\">Lire la suite<\/a><\/p>\n","protected":false},"author":1,"featured_media":0,"parent":0,"menu_order":0,"comment_status":"closed","ping_status":"open","template":"","meta":{"footnotes":""},"_links":{"self":[{"href":"https:\/\/proservices53.fr\/index.php?rest_route=\/wp\/v2\/pages\/42"}],"collection":[{"href":"https:\/\/proservices53.fr\/index.php?rest_route=\/wp\/v2\/pages"}],"about":[{"href":"https:\/\/proservices53.fr\/index.php?rest_route=\/wp\/v2\/types\/page"}],"author":[{"embeddable":true,"href":"https:\/\/proservices53.fr\/index.php?rest_route=\/wp\/v2\/users\/1"}],"replies":[{"embeddable":true,"href":"https:\/\/proservices53.fr\/index.php?rest_route=%2Fwp%2Fv2%2Fcomments&post=42"}],"version-history":[{"count":13,"href":"https:\/\/proservices53.fr\/index.php?rest_route=\/wp\/v2\/pages\/42\/revisions"}],"predecessor-version":[{"id":1387,"href":"https:\/\/proservices53.fr\/index.php?rest_route=\/wp\/v2\/pages\/42\/revisions\/1387"}],"wp:attachment":[{"href":"https:\/\/proservices53.fr\/index.php?rest_route=%2Fwp%2Fv2%2Fmedia&parent=42"}],"curies":[{"name":"wp","href":"https:\/\/api.w.org\/{rel}","templated":true}]}}